{"id":91,"date":"2021-05-18T09:46:16","date_gmt":"2021-05-18T07:46:16","guid":{"rendered":"https:\/\/biketourdonana.com\/?page_id=91"},"modified":"2024-07-08T15:43:25","modified_gmt":"2024-07-08T13:43:25","slug":"cookies","status":"publish","type":"page","link":"https:\/\/biketourdonana.com\/en\/cookies\/","title":{"rendered":"Pol\u00edtica de cookies"},"content":{"rendered":"<div data-elementor-type=\"wp-page\" data-elementor-id=\"91\" class=\"elementor elementor-91\" data-elementor-post-type=\"page\">\n\t\t\t\t\t\t<section class=\"elementor-section elementor-top-section elementor-element elementor-element-d32ae6f elementor-section-boxed elementor-section-height-default elementor-section-height-default\" data-id=\"d32ae6f\" data-element_type=\"section\">\n\t\t\t\t\t\t<div class=\"elementor-container elementor-column-gap-default\">\n\t\t\t\t\t<div class=\"elementor-column elementor-col-100 elementor-top-column elementor-element elementor-element-2e46fa7\" data-id=\"2e46fa7\" data-element_type=\"column\">\n\t\t\t<div class=\"elementor-widget-wrap elementor-element-populated\">\n\t\t\t\t\t\t<div class=\"elementor-element elementor-element-bfbeb96 elementor-widget elementor-widget-heading\" data-id=\"bfbeb96\" data-element_type=\"widget\" data-widget_type=\"heading.default\">\n\t\t\t\t<div class=\"elementor-widget-container\">\n\t\t\t<h1 class=\"elementor-heading-title elementor-size-default\">Bike Tour Do\u00f1ana Cookies Policy<\/h1>\t\t<\/div>\n\t\t\t\t<\/div>\n\t\t\t\t\t<\/div>\n\t\t<\/div>\n\t\t\t\t\t<\/div>\n\t\t<\/section>\n\t\t\t\t<section class=\"elementor-section elementor-top-section elementor-element elementor-element-2bdd816 elementor-section-boxed elementor-section-height-default elementor-section-height-default\" data-id=\"2bdd816\" data-element_type=\"section\">\n\t\t\t\t\t\t<div class=\"elementor-container elementor-column-gap-default\">\n\t\t\t\t\t<div class=\"elementor-column elementor-col-100 elementor-top-column elementor-element elementor-element-7329fdc\" data-id=\"7329fdc\" data-element_type=\"column\">\n\t\t\t<div class=\"elementor-widget-wrap elementor-element-populated\">\n\t\t\t\t\t\t<div class=\"elementor-element elementor-element-edf5f56 elementor-widget elementor-widget-text-editor\" data-id=\"edf5f56\" data-element_type=\"widget\" data-widget_type=\"text-editor.default\">\n\t\t\t\t<div class=\"elementor-widget-container\">\n\t\t\t\t\t\t\t<p><span style=\"font-style: inherit; font-weight: inherit; color: var( --e-global-color-text ); font-family: var( --e-global-typography-text-font-family ), Sans-serif; background-color: var(--ast-global-color-5);\">Esta Pol\u00edtica de Cookies explica c\u00f3mo Bike Tour Do\u00f1ana utiliza cookies y tecnolog\u00edas similares para mejorar tu experiencia en nuestro sitio web <\/span><a style=\"font-style: inherit; font-weight: inherit; font-family: var( --e-global-typography-text-font-family ), Sans-serif;\" href=\"https:\/\/biketourdonana.com\/en\/\" target=\"_new\" rel=\"noreferrer\">https:\/\/biketourdonana.com\/<\/a><span style=\"font-style: inherit; font-weight: inherit; color: var( --e-global-color-text ); font-family: var( --e-global-typography-text-font-family ), Sans-serif; background-color: var(--ast-global-color-5);\">. Esta pol\u00edtica forma parte de nuestro Aviso Legal y Pol\u00edtica de Privacidad.<\/span><\/p><p><strong>1. \u00bfQu\u00e9 son las cookies?<\/strong> Las cookies son peque\u00f1os archivos de texto que se almacenan en tu dispositivo cuando visitas un sitio web. Estos archivos contienen informaci\u00f3n que puede ser le\u00edda por el sitio web cuando vuelvas a visitarlo.<\/p><p><strong>2. \u00bfQu\u00e9 tipos de cookies utilizamos?<\/strong> Utilizamos cookies propias y de terceros en este sitio web con diversos fines:<\/p><ul><li><p><strong>Cookies esenciales:<\/strong> Son necesarias para el funcionamiento b\u00e1sico de nuestro sitio web y te permiten navegar por \u00e9l y utilizar sus funciones.<\/p><\/li><li><p><strong>Cookies de rendimiento y an\u00e1lisis:<\/strong> Nos ayudan a entender c\u00f3mo interact\u00faas con nuestro sitio web, recopilando informaci\u00f3n an\u00f3nima y agregada sobre \u00e1reas como las p\u00e1ginas m\u00e1s visitadas o si se producen errores. Estas cookies nos permiten mejorar el rendimiento de nuestro sitio web.<\/p><\/li><li><p><strong>Cookies de funcionalidad:<\/strong> Nos permiten recordar tus preferencias y personalizar el contenido para ti, como tu idioma o regi\u00f3n.<\/p><\/li><li><p><strong>Cookies de publicidad:<\/strong> Son utilizadas para rastrear la actividad de navegaci\u00f3n de los usuarios en diferentes sitios web con el fin de mostrar anuncios personalizados.<\/p><\/li><\/ul><p><strong>3. Control de cookies<\/strong> Puedes controlar y gestionar las cookies de diversas maneras. Ten en cuenta que eliminar o deshabilitar las cookies puede afectar tu experiencia de navegaci\u00f3n y algunas partes de nuestro sitio web pueden dejar de funcionar correctamente.<\/p><ul><li><p><strong>Configuraci\u00f3n del navegador:<\/strong> Puedes configurar tu navegador para aceptar, rechazar o eliminar cookies. Cada navegador es diferente, por lo que te recomendamos que consultes el men\u00fa \u00abAyuda\u00bb de tu navegador para aprender a cambiar tus preferencias de cookies.<\/p><\/li><li><p><strong>Herramientas de terceros:<\/strong> Algunos servicios de terceros que utilizamos en nuestro sitio web tambi\u00e9n pueden instalar cookies en tu dispositivo. Estas cookies son gestionadas por las propias pol\u00edticas de privacidad de dichos servicios.<\/p><\/li><\/ul><p><strong>4. Actualizaciones de la pol\u00edtica<\/strong> Nos reservamos el derecho de modificar esta Pol\u00edtica de Cookies en cualquier momento. Cualquier cambio significativo se comunicar\u00e1 claramente en nuestro sitio web o, si es necesario, mediante otros medios.<\/p><p><strong>5. Contacto<\/strong> Si tienes alguna pregunta sobre nuestra Pol\u00edtica de Cookies, no dudes en contactarnos a trav\u00e9s de los medios proporcionados en nuestra p\u00e1gina de contacto.<\/p>\t\t\t\t\t\t<\/div>\n\t\t\t\t<\/div>\n\t\t\t\t\t<\/div>\n\t\t<\/div>\n\t\t\t\t\t<\/div>\n\t\t<\/section>\n\t\t\t\t<\/div>","protected":false},"excerpt":{"rendered":"<p>Pol\u00edtica de Cookies de Bike Tour Do\u00f1ana Esta Pol\u00edtica de Cookies explica c\u00f3mo Bike Tour Do\u00f1ana utiliza cookies y tecnolog\u00edas similares para mejorar tu experiencia en nuestro sitio web https:\/\/biketourdonana.com\/. Esta pol\u00edtica forma parte de nuestro Aviso Legal y Pol\u00edtica de Privacidad. 1. \u00bfQu\u00e9 son las cookies? Las cookies son peque\u00f1os archivos de texto que [&hellip;]<\/p>","protected":false},"author":1,"featured_media":0,"parent":0,"menu_order":0,"comment_status":"closed","ping_status":"closed","template":"","meta":{"_monsterinsights_skip_tracking":false,"_monsterinsights_sitenote_active":false,"_monsterinsights_sitenote_note":"","_monsterinsights_sitenote_category":0,"site-sidebar-layout":"no-sidebar","site-content-layout":"page-builder","ast-site-content-layout":"full-width-container","site-content-style":"unboxed","site-sidebar-style":"unboxed","ast-global-header-display":"","ast-banner-title-visibility":"","ast-main-header-display":"disabled","ast-hfb-above-header-display":"","ast-hfb-below-header-display":"","ast-hfb-mobile-header-display":"","site-post-title":"disabled","ast-breadcrumbs-content":"","ast-featured-img":"disabled","footer-sml-layout":"disabled","theme-transparent-header-meta":"disabled","adv-header-id-meta":"","stick-header-meta":"","header-above-stick-meta":"","header-main-stick-meta":"","header-below-stick-meta":"","astra-migrate-meta-layouts":"set","ast-page-background-enabled":"default","ast-page-background-meta":{"desktop":{"background-color":"var(--ast-global-color-4)","background-image":"","background-repeat":"repeat","background-position":"center center","background-size":"auto","background-attachment":"scroll","background-type":"","background-media":"","overlay-type":"","overlay-color":"","overlay-opacity":"","overlay-gradient":""},"tablet":{"background-color":"","background-image":"","background-repeat":"repeat","background-position":"center center","background-size":"auto","background-attachment":"scroll","background-type":"","background-media":"","overlay-type":"","overlay-color":"","overlay-opacity":"","overlay-gradient":""},"mobile":{"background-color":"","background-image":"","background-repeat":"repeat","background-position":"center center","background-size":"auto","background-attachment":"scroll","background-type":"","background-media":"","overlay-type":"","overlay-color":"","overlay-opacity":"","overlay-gradient":""}},"ast-content-background-meta":{"desktop":{"background-color":"var(--ast-global-color-5)","background-image":"","background-repeat":"repeat","background-position":"center center","background-size":"auto","background-attachment":"scroll","background-type":"","background-media":"","overlay-type":"","overlay-color":"","overlay-opacity":"","overlay-gradient":""},"tablet":{"background-color":"var(--ast-global-color-5)","background-image":"","background-repeat":"repeat","background-position":"center center","background-size":"auto","background-attachment":"scroll","background-type":"","background-media":"","overlay-type":"","overlay-color":"","overlay-opacity":"","overlay-gradient":""},"mobile":{"background-color":"var(--ast-global-color-5)","background-image":"","background-repeat":"repeat","background-position":"center center","background-size":"auto","background-attachment":"scroll","background-type":"","background-media":"","overlay-type":"","overlay-color":"","overlay-opacity":"","overlay-gradient":""}},"footnotes":""},"class_list":["post-91","page","type-page","status-publish","hentry"],"aioseo_notices":[],"_links":{"self":[{"href":"https:\/\/biketourdonana.com\/en\/wp-json\/wp\/v2\/pages\/91"}],"collection":[{"href":"https:\/\/biketourdonana.com\/en\/wp-json\/wp\/v2\/pages"}],"about":[{"href":"https:\/\/biketourdonana.com\/en\/wp-json\/wp\/v2\/types\/page"}],"author":[{"embeddable":true,"href":"https:\/\/biketourdonana.com\/en\/wp-json\/wp\/v2\/users\/1"}],"replies":[{"embeddable":true,"href":"https:\/\/biketourdonana.com\/en\/wp-json\/wp\/v2\/comments?post=91"}],"version-history":[{"count":5,"href":"https:\/\/biketourdonana.com\/en\/wp-json\/wp\/v2\/pages\/91\/revisions"}],"predecessor-version":[{"id":218,"href":"https:\/\/biketourdonana.com\/en\/wp-json\/wp\/v2\/pages\/91\/revisions\/218"}],"wp:attachment":[{"href":"https:\/\/biketourdonana.com\/en\/wp-json\/wp\/v2\/media?parent=91"}],"curies":[{"name":"wp","href":"https:\/\/api.w.org\/{rel}","templated":true}]}}