{"id":48,"date":"2021-05-17T14:29:27","date_gmt":"2021-05-17T12:29:27","guid":{"rendered":"https:\/\/biketourdonana.com\/?page_id=48"},"modified":"2024-07-17T15:51:55","modified_gmt":"2024-07-17T13:51:55","slug":"quienes-somos","status":"publish","type":"page","link":"https:\/\/biketourdonana.com\/en\/quienes-somos\/","title":{"rendered":"About us"},"content":{"rendered":"<div data-elementor-type=\"wp-page\" data-elementor-id=\"48\" class=\"elementor elementor-48\" data-elementor-post-type=\"page\">\n\t\t\t\t\t\t<section class=\"elementor-section elementor-top-section elementor-element elementor-element-394cbdf4 elementor-section-content-middle elementor-reverse-mobile elementor-section-boxed elementor-section-height-default elementor-section-height-default\" data-id=\"394cbdf4\" data-element_type=\"section\">\n\t\t\t\t\t\t<div class=\"elementor-container elementor-column-gap-no\">\n\t\t\t\t\t<div class=\"elementor-column elementor-col-50 elementor-top-column elementor-element elementor-element-7898dd62\" data-id=\"7898dd62\" data-element_type=\"column\">\n\t\t\t<div class=\"elementor-widget-wrap elementor-element-populated\">\n\t\t\t\t\t\t<div class=\"elementor-element elementor-element-5e1e3039 elementor-widget elementor-widget-heading\" data-id=\"5e1e3039\" data-element_type=\"widget\" data-widget_type=\"heading.default\">\n\t\t\t\t<div class=\"elementor-widget-container\">\n\t\t\t<h4 class=\"elementor-heading-title elementor-size-default\">About us<\/h4>\t\t<\/div>\n\t\t\t\t<\/div>\n\t\t\t\t<div class=\"elementor-element elementor-element-4f9c24d8 elementor-widget elementor-widget-text-editor\" data-id=\"4f9c24d8\" data-element_type=\"widget\" data-widget_type=\"text-editor.default\">\n\t\t\t\t<div class=\"elementor-widget-container\">\n\t\t\t\t\t\t\t<p>If you are one of those people who love sport, nature, leisure or food\u2026 why don\u2019t you try a cocktail of all these things while riding a bike?\u00a0<strong>\u00a1Bienvenido a nuestra web!<\/strong><\/p><p class=\" translation-block\">Bike Tour Do\u00f1ana is located in Sanl\u00facar de Barrameda, a city in the northwest of the province of C\u00e1diz, on the left bank at the mouth of the Guadalquivir River, less than 4 km away from <strong>Do\u00f1ana National Park<\/strong>.<\/p><p>Sanl\u00facar\u2019s fishing and winemaking tradition, not to mention the key role that the city has played in the history and culture of the country, placed it as the second most important port in the trade routes to the Americas.<\/p><p>We mainly specialize in the different types of bicycle touring.<\/p>\t\t\t\t\t\t<\/div>\n\t\t\t\t<\/div>\n\t\t\t\t\t<\/div>\n\t\t<\/div>\n\t\t\t\t<div class=\"elementor-column elementor-col-50 elementor-top-column elementor-element elementor-element-f402fbf\" data-id=\"f402fbf\" data-element_type=\"column\">\n\t\t\t<div class=\"elementor-widget-wrap elementor-element-populated\">\n\t\t\t\t\t\t<div class=\"elementor-element elementor-element-719ae2bd elementor-widget elementor-widget-image\" data-id=\"719ae2bd\" data-element_type=\"widget\" data-widget_type=\"image.default\">\n\t\t\t\t<div class=\"elementor-widget-container\">\n\t\t\t\t\t\t\t\t\t\t\t\t\t<img fetchpriority=\"high\" decoding=\"async\" width=\"2560\" height=\"1912\" src=\"https:\/\/biketourdonana.com\/wp-content\/uploads\/2024\/05\/1-scaled.jpeg\" class=\"attachment-full size-full wp-image-142\" alt=\"\" srcset=\"https:\/\/biketourdonana.com\/wp-content\/uploads\/2024\/05\/1-scaled.jpeg 2560w, https:\/\/biketourdonana.com\/wp-content\/uploads\/2024\/05\/1-300x224.jpeg 300w, https:\/\/biketourdonana.com\/wp-content\/uploads\/2024\/05\/1-1024x765.jpeg 1024w, https:\/\/biketourdonana.com\/wp-content\/uploads\/2024\/05\/1-768x574.jpeg 768w, https:\/\/biketourdonana.com\/wp-content\/uploads\/2024\/05\/1-1536x1147.jpeg 1536w, https:\/\/biketourdonana.com\/wp-content\/uploads\/2024\/05\/1-2048x1530.jpeg 2048w, https:\/\/biketourdonana.com\/wp-content\/uploads\/2024\/05\/1-16x12.jpeg 16w\" sizes=\"(max-width: 2560px) 100vw, 2560px\" \/>\t\t\t\t\t\t\t\t\t\t\t\t\t<\/div>\n\t\t\t\t<\/div>\n\t\t\t\t\t<\/div>\n\t\t<\/div>\n\t\t\t\t\t<\/div>\n\t\t<\/section>\n\t\t\t\t<\/div>","protected":false},"excerpt":{"rendered":"<p>Quienes somos A los amantes de conjugar deporte, naturaleza, cultura, ocio o gastronom\u00eda sobre una bicicleta.\u00a0\u00a1Bienvenido a nuestra web! Bike tour Do\u00f1ana est\u00e1 situada a orillas de la desembocadura del Guadalquivir en su margen izquierdo, a cuatro kil\u00f3metros escasos, de los l\u00edmites del privilegiado entorno del parque nacional de Do\u00f1ana, en la localidad de\u00a0Sanl\u00facar de [&hellip;]<\/p>","protected":false},"author":1,"featured_media":0,"parent":0,"menu_order":0,"comment_status":"closed","ping_status":"closed","template":"","meta":{"_monsterinsights_skip_tracking":false,"_monsterinsights_sitenote_active":false,"_monsterinsights_sitenote_note":"","_monsterinsights_sitenote_category":0,"site-sidebar-layout":"no-sidebar","site-content-layout":"page-builder","ast-site-content-layout":"full-width-container","site-content-style":"unboxed","site-sidebar-style":"unboxed","ast-global-header-display":"","ast-banner-title-visibility":"","ast-main-header-display":"disabled","ast-hfb-above-header-display":"","ast-hfb-below-header-display":"","ast-hfb-mobile-header-display":"","site-post-title":"disabled","ast-breadcrumbs-content":"","ast-featured-img":"disabled","footer-sml-layout":"disabled","theme-transparent-header-meta":"disabled","adv-header-id-meta":"","stick-header-meta":"","header-above-stick-meta":"","header-main-stick-meta":"","header-below-stick-meta":"","astra-migrate-meta-layouts":"set","ast-page-background-enabled":"default","ast-page-background-meta":{"desktop":{"background-color":"var(--ast-global-color-4)","background-image":"","background-repeat":"repeat","background-position":"center center","background-size":"auto","background-attachment":"scroll","background-type":"","background-media":"","overlay-type":"","overlay-color":"","overlay-opacity":"","overlay-gradient":""},"tablet":{"background-color":"","background-image":"","background-repeat":"repeat","background-position":"center center","background-size":"auto","background-attachment":"scroll","background-type":"","background-media":"","overlay-type":"","overlay-color":"","overlay-opacity":"","overlay-gradient":""},"mobile":{"background-color":"","background-image":"","background-repeat":"repeat","background-position":"center center","background-size":"auto","background-attachment":"scroll","background-type":"","background-media":"","overlay-type":"","overlay-color":"","overlay-opacity":"","overlay-gradient":""}},"ast-content-background-meta":{"desktop":{"background-color":"var(--ast-global-color-5)","background-image":"","background-repeat":"repeat","background-position":"center center","background-size":"auto","background-attachment":"scroll","background-type":"","background-media":"","overlay-type":"","overlay-color":"","overlay-opacity":"","overlay-gradient":""},"tablet":{"background-color":"var(--ast-global-color-5)","background-image":"","background-repeat":"repeat","background-position":"center center","background-size":"auto","background-attachment":"scroll","background-type":"","background-media":"","overlay-type":"","overlay-color":"","overlay-opacity":"","overlay-gradient":""},"mobile":{"background-color":"var(--ast-global-color-5)","background-image":"","background-repeat":"repeat","background-position":"center center","background-size":"auto","background-attachment":"scroll","background-type":"","background-media":"","overlay-type":"","overlay-color":"","overlay-opacity":"","overlay-gradient":""}},"footnotes":""},"class_list":["post-48","page","type-page","status-publish","hentry"],"aioseo_notices":[],"_links":{"self":[{"href":"https:\/\/biketourdonana.com\/en\/wp-json\/wp\/v2\/pages\/48"}],"collection":[{"href":"https:\/\/biketourdonana.com\/en\/wp-json\/wp\/v2\/pages"}],"about":[{"href":"https:\/\/biketourdonana.com\/en\/wp-json\/wp\/v2\/types\/page"}],"author":[{"embeddable":true,"href":"https:\/\/biketourdonana.com\/en\/wp-json\/wp\/v2\/users\/1"}],"replies":[{"embeddable":true,"href":"https:\/\/biketourdonana.com\/en\/wp-json\/wp\/v2\/comments?post=48"}],"version-history":[{"count":35,"href":"https:\/\/biketourdonana.com\/en\/wp-json\/wp\/v2\/pages\/48\/revisions"}],"predecessor-version":[{"id":448,"href":"https:\/\/biketourdonana.com\/en\/wp-json\/wp\/v2\/pages\/48\/revisions\/448"}],"wp:attachment":[{"href":"https:\/\/biketourdonana.com\/en\/wp-json\/wp\/v2\/media?parent=48"}],"curies":[{"name":"wp","href":"https:\/\/api.w.org\/{rel}","templated":true}]}}