{"id":3,"date":"2021-05-17T10:36:44","date_gmt":"2021-05-17T08:36:44","guid":{"rendered":"https:\/\/biketourdonana.com\/?page_id=3"},"modified":"2024-07-08T15:45:43","modified_gmt":"2024-07-08T13:45:43","slug":"aviso-legal","status":"publish","type":"page","link":"https:\/\/biketourdonana.com\/en\/aviso-legal\/","title":{"rendered":"Disclaimer"},"content":{"rendered":"<div data-elementor-type=\"wp-page\" data-elementor-id=\"3\" class=\"elementor elementor-3\" data-elementor-post-type=\"page\">\n\t\t\t\t\t\t<section class=\"elementor-section elementor-top-section elementor-element elementor-element-19951352 elementor-section-boxed elementor-section-height-default elementor-section-height-default\" data-id=\"19951352\" data-element_type=\"section\">\n\t\t\t\t\t\t<div class=\"elementor-container elementor-column-gap-default\">\n\t\t\t\t\t<div class=\"elementor-column elementor-col-100 elementor-top-column elementor-element elementor-element-4a25f994\" data-id=\"4a25f994\" data-element_type=\"column\">\n\t\t\t<div class=\"elementor-widget-wrap elementor-element-populated\">\n\t\t\t\t\t\t<div class=\"elementor-element elementor-element-3bc1de8 elementor-widget elementor-widget-heading\" data-id=\"3bc1de8\" data-element_type=\"widget\" data-widget_type=\"heading.default\">\n\t\t\t\t<div class=\"elementor-widget-container\">\n\t\t\t<h2 class=\"elementor-heading-title elementor-size-default\">DISCLAIMER WITHOUT DATA PROTECTION<br \/>GENERAL CONDITIONS OF USE<\/h2>\t\t<\/div>\n\t\t\t\t<\/div>\n\t\t\t\t<div class=\"elementor-element elementor-element-585e2e80 elementor-widget elementor-widget-text-editor\" data-id=\"585e2e80\" data-element_type=\"widget\" data-widget_type=\"text-editor.default\">\n\t\t\t\t<div class=\"elementor-widget-container\">\n\t\t\t\t\t\t\t\n<p>El sitio web www.biketourdonana.com (en adelante, el \u201cSitio Web\u201d) es propiedad de BICI DO\u00d1ANA S.L. (en adelante, \u201cBIKE TOUR Do\u00f1ana\u201d), con domicilio social en Avda. V Centenario n\u00ba 119 &#8211; Local, 11540 Sanl\u00facar de Barrameda (C\u00e1diz) y C.I.F n\u00ba B-72214281. BIKE TOUR Do\u00f1ana le da la bienvenida y le invita a leer atentamente las Condiciones Generales de Uso de este Sito Web (en adelante, las \u201cCondiciones Generales de Uso\u201d) que describen los t\u00e9rminos y condiciones que ser\u00e1n aplicables a su navegaci\u00f3n por el mismo, de conformidad con lo establecido en la normativa espa\u00f1ola de aplicaci\u00f3n. Dado que BIKE TOUR Do\u00f1ana podr\u00eda modificar en el futuro estas Condiciones de Uso, le recomendamos que las visite peri\u00f3dicamente para estar debidamente informado de los cambios realizados.<\/p>\n<p><!-- \/wp:paragraph --><\/p>\n<p><!-- wp:paragraph --><\/p>\n<p>Con el \u00e1nimo de que el uso del Sitio Web se ajuste a criterios de transparencia, claridad y sencillez, BIKE TOUR Do\u00f1ana informa al Usuario que cualquier sugerencia, duda o consulta sobre las Condiciones Generales de Uso ser\u00e1 recibida y solucionada contactando con BIKE TOUR Do\u00f1ana a trav\u00e9s del tfno. <span aria-label=\"Llamar al n\u00famero de tel\u00e9fono +34 856 13 05 32\">856 13 05 32<\/span>, o en la direcci\u00f3n de correo electr\u00f3nico: info@biketourdonana.com<\/p>\n<p><!-- \/wp:paragraph --><\/p>\n<p><!-- wp:list {\"ordered\":true} --><\/p>\n<ol>\n<li>Objeto.<br \/>BIKE TOUR Do\u00f1ana suministra el contenido y los servicios que est\u00e1n disponibles en el Sitio Web, con sujeci\u00f3n a las presentes Condiciones Generales de Uso. El acceso a este Sitio Web o su utilizaci\u00f3n en cualquier forma le otorga la calificaci\u00f3n de \u201cUsuario\u201d e implica la aceptaci\u00f3n sin reservas de todas y cada una de las presentes Condiciones Generales de Uso, reserv\u00e1ndose BIKE TOUR Do\u00f1ana el derecho a modificarlos en cualquier momento. En consecuencia, ser\u00e1 responsabilidad de todo Usuario, la atenta lectura de las Condiciones Generales de Uso vigente en cada una de las ocasiones en que acceda a este Sitio Web, por lo que si \u00e9ste no est\u00e1 de acuerdo con cualquiera de los mismos aqu\u00ed dispuestos, deber\u00e1 abstenerse respecto al uso del presente Sitio Web. Asimismo, queda advertido de que, en ocasiones, se podr\u00e1n establecer condiciones particulares para la utilizaci\u00f3n en el Sitio Web de contenidos y\/o servicios espec\u00edficos, la utilizaci\u00f3n de dichos contenidos o servicios implicar\u00e1 la aceptaci\u00f3n de las condiciones particulares en ellos especificadas.<\/li>\n<li>Servicios.<br \/>A trav\u00e9s del Sitio Web, www.biketourdonana.com , BIKE TOUR Do\u00f1ana ofrece a los Usuarios la posibilidad de acceder a los servicios que ofrecemos en la venta, reparaci\u00f3n y alquiler de bicicletas y accesorios de las mismas, as\u00ed como nuestra localizaci\u00f3n y como contactar con nosotros para la resoluci\u00f3n de consultas (en adelante los \u201cServicios\u201d).<\/li>\n<li>Propiedad Industrial e Intelectual.<br \/>El Usuario reconoce y acepta que todos los contenidos que se muestran en el Sitio Web y en especial, dise\u00f1os, textos, im\u00e1genes, logos, iconos, botones, software, nombres comerciales, marcas, o cualesquiera otros signos susceptibles de utilizaci\u00f3n industrial y\/o comercial est\u00e1n sujetos a derechos de Propiedad Intelectual y todas las marcas, nombres comerciales o signos distintivos, todos los derechos de propiedad industrial e intelectual, sobre los contenidos y\/o cualesquiera otros elementos insertados en el p\u00e1gina, que son propiedad exclusiva de BIKE TOUR Do\u00f1ana y\/o de terceros, quienes tienen el derecho exclusivo de utilizarlos en el tr\u00e1fico econ\u00f3mico. Por todo ello el Usuario se compromete a no reproducir, copiar, distribuir, poner a disposici\u00f3n o de cualquier otra forma comunicar p\u00fablicamente, transformar o modificar tales contenidos manteniendo indemne a BIKE TOUR Do\u00f1ana de cualquier reclamaci\u00f3n que se derive del incumplimiento de tales obligaciones. En ning\u00fan caso el acceso al Sitio Web implica ning\u00fan tipo de renuncia, transmisi\u00f3n, licencia o cesi\u00f3n total ni parcial de dichos derechos, salvo que se establezca expresamente lo contrario. Las presentes Condiciones Generales de Uso del Sitio Web no confieren a los Usuarios ning\u00fan otro derecho de utilizaci\u00f3n, alteraci\u00f3n, explotaci\u00f3n, reproducci\u00f3n, distribuci\u00f3n o comunicaci\u00f3n p\u00fablica del Sitio Web y\/o de sus Contenidos distintos de los aqu\u00ed expresamente previstos. Cualquier otro uso o explotaci\u00f3n de cualesquiera derechos estar\u00e1 sujeto a la previa y expresa autorizaci\u00f3n espec\u00edficamente otorgada a tal efecto por BIKE TOUR Do\u00f1ana o el tercero titular de los derechos afectados. Los contenidos, textos, fotograf\u00edas, dise\u00f1os, logotipos, im\u00e1genes, programas de ordenador, c\u00f3digos fuente y, en general, cualquier creaci\u00f3n intelectual existente en este sitio, as\u00ed como el propio sitio en su conjunto, como obra art\u00edstica multimedia, est\u00e1n protegidos como derechos de autor por la legislaci\u00f3n en materia de propiedad intelectual. BIKE TOUR Do\u00f1ana es titular de los elementos que integran el dise\u00f1o gr\u00e1fico del Sitio Web, lo men\u00fas, botones de navegaci\u00f3n, el c\u00f3digo HTML, los textos, im\u00e1genes, texturas, gr\u00e1ficos y cualquier otro contenido del Sitio Web o, en cualquier caso dispone de la correspondiente autorizaci\u00f3n para la utilizaci\u00f3n de dichos elementos. El contenido dispuesto en el Sitio Web no podr\u00e1 ser reproducido ni en todo ni en parte, ni transmitido, ni registrado por ning\u00fan sistema de recuperaci\u00f3n de informaci\u00f3n, en ninguna forma ni en ning\u00fan medio, a menos que se cuente con la autorizaci\u00f3n previa, por escrito, de la citada Entidad. Asimismo queda prohibido suprimir, eludir y\/o manipular el \u00abcopyright\u00bb as\u00ed como los dispositivos t\u00e9cnicos de protecci\u00f3n, o cualesquiera mecanismos de informaci\u00f3n que pudieren contener los contenidos. El Usuario de este Sitio Web se compromete a respetar los derechos enunciados y a evitar cualquier actuaci\u00f3n que pudiera perjudicarlos, reserv\u00e1ndose en todo caso BIKE TOUR Do\u00f1ana el ejercicio de cuantos medios o acciones legales le correspondan en defensa de sus leg\u00edtimos derechos de propiedad intelectual e industrial.<\/li>\n<li>Obligaciones y Responsabilidades del Usuario del Sitio Web El Usuario se compromete a:\n<ul>\n<li>a) Hacer un uso adecuado y l\u00edcito del Sitio Web as\u00ed como de los contenidos y servicios, de conformidad con:\n<ul>\n<li>(i) la legislaci\u00f3n aplicable en cada momento;<\/li>\n<li>(ii) las Condiciones Generales de Uso del Sitio Web;<\/li>\n<li>(iii) la moral y buenas costumbres generalmente aceptadas y<\/li>\n<li>(iv) el orden p\u00fablico.<\/li>\n<\/ul>\n<\/li>\n<li>b) Proveerse de todos los medios y requerimientos t\u00e9cnicos que se precisen para acceder al Sitio Web. No obstante lo establecido en el apartado anterior el Usuario deber\u00e1 asimismo abstenerse de:\n<ul>\n<li>a) Hacer un uso no autorizado o fraudulento del Sitio Web y\/o de los contenidos con fines o efectos il\u00edcitos, prohibidos en las presentes Condiciones Generales de Uso, lesivos de los derechos e intereses de terceros, o que de cualquier forma puedan da\u00f1ar, inutilizar, sobrecargar, deteriorar o impedir la normal utilizaci\u00f3n de los servicios o los documentos, archivos y toda clase de contenidos almacenados en cualquier equipo inform\u00e1tico.<\/li>\n<li>b) Acceder o intentar acceder a recursos o \u00e1reas restringidas del Sitio Web, sin cumplir las condiciones exigidas para dicho acceso.<\/li>\n<li>c) Provocar da\u00f1os en los sistemas f\u00edsicos o l\u00f3gicos del Sitio Web, de sus proveedores o de terceros.<\/li>\n<li>d) Introducir o difundir en la red virus inform\u00e1ticos o cualesquiera otros sistemas f\u00edsicos o l\u00f3gicos que sean susceptibles de provocar da\u00f1os en los sistemas f\u00edsicos o l\u00f3gicos de BIKE TOUR Do\u00f1ana, de sus proveedores o de terceros.<\/li>\n<li>e) Intentar acceder, utilizar y\/o manipular los datos de BIKE TOUR Do\u00f1ana, terceros proveedores y otros Usuarios.<\/li>\n<li>f) Reproducir o copiar, distribuir, permitir el acceso del p\u00fablico a trav\u00e9s de cualquier modalidad de comunicaci\u00f3n p\u00fablica, transformar o modificar los contenidos, a menos que se cuente con la autorizaci\u00f3n del titular de los correspondientes derechos o ello resulte legalmente permitido.<\/li>\n<li>g) Suprimir, ocultar o manipular las notas sobre derechos de propiedad intelectual o industrial y dem\u00e1s datos identificativos de los derechos de BIKE TOUR Do\u00f1ana o de terceros incorporados a los contenidos, as\u00ed como los dispositivos t\u00e9cnicos de protecci\u00f3n o cualesquiera mecanismos de informaci\u00f3n que puedan insertarse en los contenidos.<\/li>\n<li>h) Obtener e intentar obtener los contenidos empleando para ello medios o procedimientos distintos de los que, seg\u00fan los casos, se hayan puesto a su disposici\u00f3n a este efecto o se hayan indicado expresamente en las p\u00e1ginas web donde se encuentren los contenidos o, en general, de los que se empleen habitualmente en Internet por no entra\u00f1ar un riesgo de da\u00f1o o inutilizaci\u00f3n del sitio web y\/o de los contenidos.\n<ul>\n<li>i) En particular, y a t\u00edtulo meramente indicativo y no exhaustivo, el Usuario se compromete a no transmitir, difundir o poner a disposici\u00f3n de terceros informaciones, datos, contenidos, mensajes, gr\u00e1ficos, dibujos, archivos de sonido y\/o imagen, fotograf\u00edas, grabaciones, software y, en general, cualquier clase de material que:\n<ul>\n<li>(i) De cualquier forma sea contrario, menosprecie o atente contra los derechos fundamentales y las libertades p\u00fablicas reconocidas constitucionalmente, en los Tratados Internacionales y en el resto de la legislaci\u00f3n vigente.<\/li>\n<li>(ii) Induzca, incite o promueva actuaciones delictivas, denigratorias, difamatorias, violentas o, en general, contrarias a la ley, a la moral, a las buenas costumbres generalmente aceptadas o al orden p\u00fablico.<\/li>\n<li>(iii) Induzca, incite o promueva actuaciones, actitudes o pensamientos discriminatorios por raz\u00f3n de sexo, raza, religi\u00f3n, creencias, edad o condici\u00f3n.<\/li>\n<li>(iv) Incorpore, ponga a disposici\u00f3n o permita acceder a productos, elementos, mensajes y\/o servicios delictivos, violentos, ofensivos, nocivos, degradantes o, en general, contrarios a la ley, a la moral y a las buenas costumbres generalmente aceptadas o al orden p\u00fablico.<\/li>\n<li>(v) Induzca o pueda inducir a un estado inaceptable de ansiedad o temor.<\/li>\n<li>(vi) Induzca o incite a involucrarse en pr\u00e1cticas peligrosas, de riesgo o nocivas para la salud y el equilibrio ps\u00edquico.<\/li>\n<li>(vii) Se encuentra protegido por la legislaci\u00f3n en materia de protecci\u00f3n intelectual o industrial perteneciente a BIKE TOUR Do\u00f1ana o a terceros sin que haya sido autorizado el uso que se pretenda realizar.<\/li>\n<li>(viii) Sea contrario al honor, a la intimidad personal y familiar o a la propia imagen de las personas.<\/li>\n<li>(ix) Constituya cualquier tipo de publicidad.<\/li>\n<li>(x) Incluya cualquier tipo de virus o programa que impida el normal funcionamiento del Sitio Web.Si de manera negligente o dolosa incumpliera cualquiera de las obligaciones establecidas en las presentes Condiciones Generales de Uso, responder\u00e1 por todos los da\u00f1os y perjuicios que de dicho incumplimiento pudieran derivarse para BIKE TOUR Do\u00f1ana.<\/li>\n<\/ul>\n<\/li>\n<\/ul>\n<\/li>\n<\/ul>\n<\/li>\n<li>Responsabilidades BIKE TOUR Do\u00f1ana no garantiza el acceso continuado, ni la correcta visualizaci\u00f3n, descarga o utilidad de los elementos e informaciones contenidas en la p\u00e1gina www.biketourdonana.com , que pueden verse impedidos, dificultados o interrumpidos por factores o circunstancias que est\u00e1n fuera de su control. BIKE TOUR Do\u00f1ana no se hace responsable de las decisiones que pudieran adoptarse como consecuencia del acceso a los contenidos o informaciones ofrecidas. BIKE TOUR Do\u00f1ana podr\u00e1 interrumpir el servicio o resolver de modo inmediato la relaci\u00f3n con el Usuario si detecta que un uso de su Sitio Web o de cualquiera de los servicios ofertados en el mismo son contrarios a las presentes Condiciones Generales de Uso. BIKE TOUR Do\u00f1ana no se hace responsable por da\u00f1os, perjuicios, p\u00e9rdidas, reclamaciones o gastos derivados del uso del Sitio Web. \u00danicamente ser\u00e1 responsable de eliminar, lo antes posible, los contenidos que puedan generar tales perjuicios, siempre que as\u00ed se notifique. En especial no ser\u00e1 responsable de los perjuicios que se pudieran derivar, entre otros, de:\n<ul>\n<li>(i) interferencias, interrupciones, fallos, omisiones, aver\u00edas telef\u00f3nicas, retrasos, bloqueos o desconexiones en el funcionamiento del sistema electr\u00f3nico, motivadas por deficiencias, sobrecargas y errores en las l\u00edneas y redes de telecomunicaciones, o por cualquier otra causa ajena al control de BIKE TOUR Do\u00f1ana.<\/li>\n<li>(ii) intromisiones ileg\u00edtimas mediante el uso de programas malignos de cualquier tipo y a trav\u00e9s de cualquier medio de comunicaci\u00f3n, tales como virus inform\u00e1ticos o cualesquiera otros.<\/li>\n<li>(iii) abuso indebido o inadecuado del Sitio Web.<\/li>\n<li>(iv) errores de seguridad o navegaci\u00f3n producidos por un mal funcionamiento del navegador o por el uso de versiones no actualizadas del mismo. Los administradores de www.biketourdonana.com se reservan el derecho de retirar, total o parcialmente, cualquier contenido o informaci\u00f3n presente en el Sitio Web.Usted defender\u00e1, indemnizar\u00e1 y mantendr\u00e1 a BIKE TOUR Do\u00f1ana indemne frente a cualesquiera da\u00f1os y perjuicios que se deriven de reclamaciones, acciones o demandas de terceros como consecuencia de su acceso o uso del Sitio Web. Asimismo, usted se obliga a indemnizar BIKE TOUR Do\u00f1ana frente a cualesquiera da\u00f1os y perjuicios, que se deriven del uso por su parte de \u201crobots\u201d, \u201cspiders\u201d, \u201ccrawlers\u201d o herramientas similares empleadas con el fin de recabar o extraer datos o de cualquier otra actuaci\u00f3n por su parte que imponga una carga irrazonable sobre el funcionamiento del Sitio Web.<\/li>\n<\/ul>\n<\/li>\n<li>Hiperv\u00ednculos El Usuario se obliga a no reproducir de ning\u00fan modo, ni siquiera mediante un hiperenlace o hiperv\u00ednculo, el Sitio Web www.biketourdonana.com, as\u00ed como ninguno de sus contenidos, salvo autorizaci\u00f3n expresa y por escrito de BIKE TOUR Do\u00f1ana. El Sitio Web www.biketourdonana.com incluye enlaces a otras sitios web gestionados por terceros, con objeto de facilitar el acceso del Usuario a la informaci\u00f3n de empresas colaboradoras y\/o patrocinadoras. Conforme con ello, BIKE TOUR Do\u00f1ana no se responsabiliza del contenido de dichos sitios web, ni se sit\u00faa en una posici\u00f3n de garante ni\/o de parte ofertante de los servicios y\/o informaci\u00f3n que se puedan ofrecer a terceros a trav\u00e9s de los enlaces de terceros. Se concede al Usuario un derecho limitado, revocable y no exclusivo a crear enlaces a la p\u00e1gina principal del Sitio Web exclusivamente para uso privado y no comercial. Los sitios web que incluyan enlace a nuestro Sitio Web (i) no podr\u00e1n dar a entender que BIKE TOUR Do\u00f1ana recomienda ese sitio web o sus servicios o productos; (ii) no podr\u00e1n falsear su relaci\u00f3n con BIKE TOUR Do\u00f1ana ni afirmar que BIKE TOUR Do\u00f1ana ha autorizado tal enlace, ni incluir marcas, denominaciones, nombres comerciales, logotipos u otros signos distintivos de BIKE TOUR Do\u00f1ana; (iii) no podr\u00e1n incluir contenidos que puedan considerarse de mal gusto, obscenos, ofensivos, controvertidos, que inciten a la violencia o la discriminaci\u00f3n por raz\u00f3n de sexo, raza o religi\u00f3n, contrarios al orden p\u00fablico o il\u00edcitos; (iv) no podr\u00e1n enlazar a ninguna p\u00e1gina del Sitio Web distinta de la p\u00e1gina principal; (v) deber\u00e1 enlazar con la propia direcci\u00f3n del Sitio Web, sin permitir que el sitio web que realice el enlace reproduzca el Sitio Web como parte de su web o dentro de uno de sus \u201cframes\u201d o crear un \u201cbrowser\u201d sobre cualquiera de las p\u00e1ginas del Sitio Web. BIKE TOUR Do\u00f1ana podr\u00e1 solicitar, en cualquier momento, que elimine cualquier enlace al Sitio Web, despu\u00e9s de lo cual deber\u00e1 proceder de inmediato a su eliminaci\u00f3n. BIKE TOUR Do\u00f1ana no puede controlar la informaci\u00f3n, contenidos, productos o servicios facilitados por otros sitios web que tengan establecidos enlaces con destino al Sitio Web. En consecuencia, BIKE TOUR Do\u00f1ana no asume ning\u00fan tipo de responsabilidad por cualquier aspecto relativo a tales sitios web.<\/li>\n<li>Cookies BIKE TOUR Do\u00f1ana se reserva el derecho de utilizar la tecnolog\u00eda \u201ccookie\u201d en el Sitio Web, a fin de reconocerlo como Usuario frecuente y personalizar el uso que realice del Sitio Web mediante la preselecci\u00f3n de su idioma, o contenidos m\u00e1s deseados o espec\u00edficos. Las \u201ccookies\u201d utilizadas por el Sitio Web, o el tercero que act\u00fae en su nombre, se asocian \u00fanicamente con un usuario an\u00f3nimo y su ordenador, y no proporcionan por s\u00ed los datos personales del usuario. Las cookies son ficheros enviados a un navegador por medio de un servidor Web para registrar la navegaci\u00f3n del Usuario en el Sitio Web, cuando el Usuario permita su recepci\u00f3n. A su vez podr\u00e1 eliminar las \u201ccookies\u201d para lo cual deber\u00e1 consultar las instrucciones de uso de su navegador. Gracias a las cookies, resulta posible que BIKE TOUR Do\u00f1ana reconozca el navegador del ordenador utilizado por el Usuario con la finalidad de facilitar contenidos y ofrecer las preferencias de navegaci\u00f3n u publicitarias que el Usuario, a los perfiles demogr\u00e1ficos de los Usuarios as\u00ed como para medir las visitas y par\u00e1metros del tr\u00e1fico, controlar el progreso y n\u00famero de entradas.<\/li>\n<li>Duraci\u00f3n y terminaci\u00f3n La prestaci\u00f3n del servicio del presente Sitio Web y los dem\u00e1s servicios tienen en principio una duraci\u00f3n indefinida. No obstante, BIKE TOUR Do\u00f1ana podr\u00e1 dar por terminada o suspender cualquiera de los servicios del portal. Cuando sea ello posible, (BIKE TOUR Do\u00f1ana anunciar\u00e1 la terminaci\u00f3n o suspensi\u00f3n de la prestaci\u00f3n del servicio determinado.<\/li>\n<li>Declaraciones y Garant\u00edas En general, los contenidos y servicios ofrecidos en el Sitio Web tienen car\u00e1cter meramente informativo. Por consiguiente, al ofrecerlos, BIKE TOUR Do\u00f1ana no otorga garant\u00eda ni declaraci\u00f3n alguna en relaci\u00f3n con los contenidos y servicios ofrecidos en el Sitio web, incluyendo, a t\u00edtulo enunciativo, garant\u00edas de licitud, fiabilidad, utilidad, veracidad, exactitud, o comerciabilidad, salvo en la medida en que por ley no puedan excluirse tales declaraciones y garant\u00edas.<\/li>\n<li>Fuerza mayor BIKE TOUR Do\u00f1ana no ser\u00e1 responsable en todo en caso de imposibilidad de prestar servicio, si \u00e9sta se debe a interrupciones prolongadas del suministro el\u00e9ctrico, l\u00edneas de telecomunicaciones, conflictos sociales, huelgas, rebeli\u00f3n, explosiones, inundaciones, actos y omisiones del Gobierno, y en general todos los supuestos de fuerza mayor o de caso fortuito.<\/li>\n<li>Resoluci\u00f3n de controversias. Ley aplicable y jurisdicci\u00f3n Las presentes Condiciones Generales de Uso, as\u00ed como el uso del Sitio Web, se regir\u00e1n por la legislaci\u00f3n espa\u00f1ola. Cualquier controversia ser\u00e1 resuelta ante los tribunales de C\u00e1diz. En el supuesto de que cualquier estipulaci\u00f3n de las presentes Condiciones Generales de Uso resultara inexigible o nula en virtud de la legislaci\u00f3n aplicable o como consecuencia de una resoluci\u00f3n judicial o administrativa, dicha inexigibilidad o nulidad no har\u00e1 que las presentes Condiciones Generales de Uso resulten inexigibles o nulas en su conjunto. En dichos casos, BIKE TOUR Do\u00f1ana proceder\u00e1 a la modificaci\u00f3n o sustituci\u00f3n de dicha estipulaci\u00f3n por otra que sea v\u00e1lida y exigible y que, en la medida de lo posible, consiga el objetivo y pretensi\u00f3n reflejados en la estipulaci\u00f3n original.<\/li>\n<\/ul>\n<\/li>\n<\/ol>\n<p><!-- \/wp:list --><\/p>\t\t\t\t\t\t<\/div>\n\t\t\t\t<\/div>\n\t\t\t\t\t<\/div>\n\t\t<\/div>\n\t\t\t\t\t<\/div>\n\t\t<\/section>\n\t\t\t\t<\/div>","protected":false},"excerpt":{"rendered":"<p>AVISO LEGAL SIN PROTECCION DE DATOSCONDICIONES GENERALES DE USO El sitio web www.biketourdonana.com (en adelante, el \u201cSitio Web\u201d) es propiedad de BICI DO\u00d1ANA S.L. (en adelante, \u201cBIKE TOUR Do\u00f1ana\u201d), con domicilio social en Avda. V Centenario n\u00ba 119 &#8211; Local, 11540 Sanl\u00facar de Barrameda (C\u00e1diz) y C.I.F n\u00ba B-72214281. BIKE TOUR Do\u00f1ana le da la [&hellip;]<\/p>","protected":false},"author":1,"featured_media":0,"parent":0,"menu_order":0,"comment_status":"closed","ping_status":"closed","template":"","meta":{"_monsterinsights_skip_tracking":false,"_monsterinsights_sitenote_active":false,"_monsterinsights_sitenote_note":"","_monsterinsights_sitenote_category":0,"site-sidebar-layout":"no-sidebar","site-content-layout":"page-builder","ast-site-content-layout":"full-width-container","site-content-style":"unboxed","site-sidebar-style":"unboxed","ast-global-header-display":"","ast-banner-title-visibility":"","ast-main-header-display":"disabled","ast-hfb-above-header-display":"","ast-hfb-below-header-display":"","ast-hfb-mobile-header-display":"","site-post-title":"disabled","ast-breadcrumbs-content":"","ast-featured-img":"disabled","footer-sml-layout":"disabled","theme-transparent-header-meta":"disabled","adv-header-id-meta":"","stick-header-meta":"","header-above-stick-meta":"","header-main-stick-meta":"","header-below-stick-meta":"","astra-migrate-meta-layouts":"set","ast-page-background-enabled":"default","ast-page-background-meta":{"desktop":{"background-color":"var(--ast-global-color-4)","background-image":"","background-repeat":"repeat","background-position":"center center","background-size":"auto","background-attachment":"scroll","background-type":"","background-media":"","overlay-type":"","overlay-color":"","overlay-opacity":"","overlay-gradient":""},"tablet":{"background-color":"","background-image":"","background-repeat":"repeat","background-position":"center center","background-size":"auto","background-attachment":"scroll","background-type":"","background-media":"","overlay-type":"","overlay-color":"","overlay-opacity":"","overlay-gradient":""},"mobile":{"background-color":"","background-image":"","background-repeat":"repeat","background-position":"center center","background-size":"auto","background-attachment":"scroll","background-type":"","background-media":"","overlay-type":"","overlay-color":"","overlay-opacity":"","overlay-gradient":""}},"ast-content-background-meta":{"desktop":{"background-color":"var(--ast-global-color-5)","background-image":"","background-repeat":"repeat","background-position":"center center","background-size":"auto","background-attachment":"scroll","background-type":"","background-media":"","overlay-type":"","overlay-color":"","overlay-opacity":"","overlay-gradient":""},"tablet":{"background-color":"var(--ast-global-color-5)","background-image":"","background-repeat":"repeat","background-position":"center center","background-size":"auto","background-attachment":"scroll","background-type":"","background-media":"","overlay-type":"","overlay-color":"","overlay-opacity":"","overlay-gradient":""},"mobile":{"background-color":"var(--ast-global-color-5)","background-image":"","background-repeat":"repeat","background-position":"center center","background-size":"auto","background-attachment":"scroll","background-type":"","background-media":"","overlay-type":"","overlay-color":"","overlay-opacity":"","overlay-gradient":""}},"footnotes":""},"class_list":["post-3","page","type-page","status-publish","hentry"],"aioseo_notices":[],"_links":{"self":[{"href":"https:\/\/biketourdonana.com\/en\/wp-json\/wp\/v2\/pages\/3"}],"collection":[{"href":"https:\/\/biketourdonana.com\/en\/wp-json\/wp\/v2\/pages"}],"about":[{"href":"https:\/\/biketourdonana.com\/en\/wp-json\/wp\/v2\/types\/page"}],"author":[{"embeddable":true,"href":"https:\/\/biketourdonana.com\/en\/wp-json\/wp\/v2\/users\/1"}],"replies":[{"embeddable":true,"href":"https:\/\/biketourdonana.com\/en\/wp-json\/wp\/v2\/comments?post=3"}],"version-history":[{"count":18,"href":"https:\/\/biketourdonana.com\/en\/wp-json\/wp\/v2\/pages\/3\/revisions"}],"predecessor-version":[{"id":225,"href":"https:\/\/biketourdonana.com\/en\/wp-json\/wp\/v2\/pages\/3\/revisions\/225"}],"wp:attachment":[{"href":"https:\/\/biketourdonana.com\/en\/wp-json\/wp\/v2\/media?parent=3"}],"curies":[{"name":"wp","href":"https:\/\/api.w.org\/{rel}","templated":true}]}}